{"id":75,"date":"2016-01-26T07:38:49","date_gmt":"2016-01-26T06:38:49","guid":{"rendered":"http:\/\/www.svu-ebersbrunn.at\/?page_id=75"},"modified":"2024-07-13T07:17:17","modified_gmt":"2024-07-13T05:17:17","slug":"geschichte","status":"publish","type":"page","link":"https:\/\/svu-ebersbrunn.at\/?page_id=75","title":{"rendered":"Geschichte"},"content":{"rendered":"<p>Der Verein wurde 1983 von den Ebersbrunner J\u00e4gern gegr\u00fcndet.<br \/>\nZweck des Vereins ist es, J\u00e4gern und Sportsch\u00fctzen zu erm\u00f6glichen, das Schie\u00dfen auf Tontauben zu trainieren.<\/p>\n<p>Der Platz liegt versteckt in den W\u00e4ldern unweit von Ebersbrunn und wurde im Laufe der letzten Jahre immer verbessert. Eine moderne Wurfanlage sorgt f\u00fcr viel Spa\u00df beim Schie\u00dfen.<\/p>\n","protected":false},"excerpt":{"rendered":"<p>Der Verein wurde 1983 von den Ebersbrunner J\u00e4gern gegr\u00fcndet. Zweck des Vereins ist es, J\u00e4gern und Sportsch\u00fctzen zu erm\u00f6glichen, das Schie\u00dfen auf Tontauben zu trainieren. Der Platz liegt versteckt in den W\u00e4ldern unweit von Ebersbrunn und wurde im Laufe der letzten Jahre immer verbessert. Eine moderne Wurfanlage sorgt f\u00fcr viel Spa\u00df beim Schie\u00dfen.<\/p>\n","protected":false},"author":2,"featured_media":0,"parent":0,"menu_order":6,"comment_status":"closed","ping_status":"closed","template":"","meta":{"footnotes":""},"class_list":["post-75","page","type-page","status-publish","hentry"],"_links":{"self":[{"href":"https:\/\/svu-ebersbrunn.at\/index.php?rest_route=\/wp\/v2\/pages\/75","targetHints":{"allow":["GET"]}}],"collection":[{"href":"https:\/\/svu-ebersbrunn.at\/index.php?rest_route=\/wp\/v2\/pages"}],"about":[{"href":"https:\/\/svu-ebersbrunn.at\/index.php?rest_route=\/wp\/v2\/types\/page"}],"author":[{"embeddable":true,"href":"https:\/\/svu-ebersbrunn.at\/index.php?rest_route=\/wp\/v2\/users\/2"}],"replies":[{"embeddable":true,"href":"https:\/\/svu-ebersbrunn.at\/index.php?rest_route=%2Fwp%2Fv2%2Fcomments&post=75"}],"version-history":[{"count":10,"href":"https:\/\/svu-ebersbrunn.at\/index.php?rest_route=\/wp\/v2\/pages\/75\/revisions"}],"predecessor-version":[{"id":377,"href":"https:\/\/svu-ebersbrunn.at\/index.php?rest_route=\/wp\/v2\/pages\/75\/revisions\/377"}],"wp:attachment":[{"href":"https:\/\/svu-ebersbrunn.at\/index.php?rest_route=%2Fwp%2Fv2%2Fmedia&parent=75"}],"curies":[{"name":"wp","href":"https:\/\/api.w.org\/{rel}","templated":true}]}}