{"id":45,"date":"2015-11-11T09:12:34","date_gmt":"2015-11-11T08:12:34","guid":{"rendered":"http:\/\/www.svu-ebersbrunn.at\/am_wordpress\/?page_id=45"},"modified":"2026-03-24T16:12:41","modified_gmt":"2026-03-24T15:12:41","slug":"der-vorstand","status":"publish","type":"page","link":"https:\/\/svu-ebersbrunn.at\/?page_id=45","title":{"rendered":"Der Vorstand"},"content":{"rendered":"<p>Obmann:\u00a0\u00a0Kurt Linhart\u00a0 \u00a0 \u00a0 \u00a0 \u00a0 \u00a0 \u00a0 \u00a0<\/p>\n<p>Obmann Stv.: Manfred Hofinger<\/p>\n<p>Kassier: Franz Obritzhauser<\/p>\n<p>Kassier Stv.: Josef Weber<\/p>\n<p>Schriftf\u00fchrer: Agnes Lindner<\/p>\n<p>Schriftf\u00fchrer Stv.: Markus Geyer<\/p>\n<p>1.Kassapr\u00fcfer: Josef Kraft<\/p>\n<p>2.Kassapr\u00fcfer:\u00a0 Thomas Silberbauer<\/p>\n<p>1.Beisitzer: Bernhard Koller<\/p>\n<p>2.Beisitzer: Willi Pfeifer<\/p>\n\n\n<figure class=\"wp-block-image size-large is-resized\"><a href=\"http:\/\/152.53.92.227:8787\/wp-content\/uploads\/2025\/02\/cropped-SVU_Logo.jpg\"><img loading=\"lazy\" decoding=\"async\" width=\"1024\" height=\"1013\" src=\"http:\/\/152.53.92.227:8787\/wp-content\/uploads\/2025\/02\/cropped-SVU_Logo-1024x1013.jpg\" alt=\"\" class=\"wp-image-389\" style=\"width:255px;height:auto\" srcset=\"https:\/\/svu-ebersbrunn.at\/wp-content\/uploads\/2025\/02\/cropped-SVU_Logo-1024x1013.jpg 1024w, https:\/\/svu-ebersbrunn.at\/wp-content\/uploads\/2025\/02\/cropped-SVU_Logo-300x297.jpg 300w, https:\/\/svu-ebersbrunn.at\/wp-content\/uploads\/2025\/02\/cropped-SVU_Logo-768x759.jpg 768w, https:\/\/svu-ebersbrunn.at\/wp-content\/uploads\/2025\/02\/cropped-SVU_Logo.jpg 1260w\" sizes=\"auto, (max-width: 1024px) 100vw, 1024px\" \/><\/a><\/figure>\n","protected":false},"excerpt":{"rendered":"<p>Obmann:\u00a0\u00a0Kurt Linhart\u00a0 \u00a0 \u00a0 \u00a0 \u00a0 \u00a0 \u00a0 \u00a0 Obmann Stv.: Manfred Hofinger Kassier: Franz Obritzhauser Kassier Stv.: Josef Weber Schriftf\u00fchrer: Agnes Lindner Schriftf\u00fchrer Stv.: Markus Geyer 1.Kassapr\u00fcfer: Josef Kraft 2.Kassapr\u00fcfer:\u00a0 Thomas Silberbauer 1.Beisitzer: Bernhard Koller 2.Beisitzer: Willi Pfeifer<\/p>\n","protected":false},"author":2,"featured_media":0,"parent":0,"menu_order":1,"comment_status":"closed","ping_status":"closed","template":"","meta":{"footnotes":""},"class_list":["post-45","page","type-page","status-publish","hentry"],"_links":{"self":[{"href":"https:\/\/svu-ebersbrunn.at\/index.php?rest_route=\/wp\/v2\/pages\/45","targetHints":{"allow":["GET"]}}],"collection":[{"href":"https:\/\/svu-ebersbrunn.at\/index.php?rest_route=\/wp\/v2\/pages"}],"about":[{"href":"https:\/\/svu-ebersbrunn.at\/index.php?rest_route=\/wp\/v2\/types\/page"}],"author":[{"embeddable":true,"href":"https:\/\/svu-ebersbrunn.at\/index.php?rest_route=\/wp\/v2\/users\/2"}],"replies":[{"embeddable":true,"href":"https:\/\/svu-ebersbrunn.at\/index.php?rest_route=%2Fwp%2Fv2%2Fcomments&post=45"}],"version-history":[{"count":17,"href":"https:\/\/svu-ebersbrunn.at\/index.php?rest_route=\/wp\/v2\/pages\/45\/revisions"}],"predecessor-version":[{"id":420,"href":"https:\/\/svu-ebersbrunn.at\/index.php?rest_route=\/wp\/v2\/pages\/45\/revisions\/420"}],"wp:attachment":[{"href":"https:\/\/svu-ebersbrunn.at\/index.php?rest_route=%2Fwp%2Fv2%2Fmedia&parent=45"}],"curies":[{"name":"wp","href":"https:\/\/api.w.org\/{rel}","templated":true}]}}