{"id":33,"date":"2015-11-11T08:28:29","date_gmt":"2015-11-11T07:28:29","guid":{"rendered":"http:\/\/www.svu-ebersbrunn.at\/am_wordpress\/?page_id=33"},"modified":"2025-02-05T12:05:56","modified_gmt":"2025-02-05T11:05:56","slug":"preise","status":"publish","type":"page","link":"https:\/\/svu-ebersbrunn.at\/?page_id=33","title":{"rendered":"Preise"},"content":{"rendered":"<p>Eine Serie (25 Tauben)<\/p>\n<p>f\u00fcr Mitglieder 6,50 Euro<\/p>\n<p>f\u00fcr G\u00e4ste 8.-Euro<\/p>\n<p>Clubschie\u00dfen f\u00fcr alle\u00a0 10.- Euro<\/p>\n<p>&nbsp;<\/p>\n\n\n<figure class=\"wp-block-image size-large is-resized\"><a href=\"http:\/\/152.53.92.227:8787\/wp-content\/uploads\/2025\/02\/cropped-SVU_Logo.jpg\"><img loading=\"lazy\" decoding=\"async\" width=\"1024\" height=\"1013\" src=\"http:\/\/152.53.92.227:8787\/wp-content\/uploads\/2025\/02\/cropped-SVU_Logo-1024x1013.jpg\" alt=\"\" class=\"wp-image-389\" style=\"width:158px;height:auto\" srcset=\"https:\/\/svu-ebersbrunn.at\/wp-content\/uploads\/2025\/02\/cropped-SVU_Logo-1024x1013.jpg 1024w, https:\/\/svu-ebersbrunn.at\/wp-content\/uploads\/2025\/02\/cropped-SVU_Logo-300x297.jpg 300w, https:\/\/svu-ebersbrunn.at\/wp-content\/uploads\/2025\/02\/cropped-SVU_Logo-768x759.jpg 768w, https:\/\/svu-ebersbrunn.at\/wp-content\/uploads\/2025\/02\/cropped-SVU_Logo.jpg 1260w\" sizes=\"auto, (max-width: 1024px) 100vw, 1024px\" \/><\/a><\/figure>\n","protected":false},"excerpt":{"rendered":"<p>Eine Serie (25 Tauben) f\u00fcr Mitglieder 6,50 Euro f\u00fcr G\u00e4ste 8.-Euro Clubschie\u00dfen f\u00fcr alle\u00a0 10.- Euro &nbsp;<\/p>\n","protected":false},"author":2,"featured_media":0,"parent":0,"menu_order":3,"comment_status":"closed","ping_status":"closed","template":"","meta":{"footnotes":""},"class_list":["post-33","page","type-page","status-publish","hentry"],"_links":{"self":[{"href":"https:\/\/svu-ebersbrunn.at\/index.php?rest_route=\/wp\/v2\/pages\/33","targetHints":{"allow":["GET"]}}],"collection":[{"href":"https:\/\/svu-ebersbrunn.at\/index.php?rest_route=\/wp\/v2\/pages"}],"about":[{"href":"https:\/\/svu-ebersbrunn.at\/index.php?rest_route=\/wp\/v2\/types\/page"}],"author":[{"embeddable":true,"href":"https:\/\/svu-ebersbrunn.at\/index.php?rest_route=\/wp\/v2\/users\/2"}],"replies":[{"embeddable":true,"href":"https:\/\/svu-ebersbrunn.at\/index.php?rest_route=%2Fwp%2Fv2%2Fcomments&post=33"}],"version-history":[{"count":6,"href":"https:\/\/svu-ebersbrunn.at\/index.php?rest_route=\/wp\/v2\/pages\/33\/revisions"}],"predecessor-version":[{"id":400,"href":"https:\/\/svu-ebersbrunn.at\/index.php?rest_route=\/wp\/v2\/pages\/33\/revisions\/400"}],"wp:attachment":[{"href":"https:\/\/svu-ebersbrunn.at\/index.php?rest_route=%2Fwp%2Fv2%2Fmedia&parent=33"}],"curies":[{"name":"wp","href":"https:\/\/api.w.org\/{rel}","templated":true}]}}